{"id":1115,"date":"2017-01-16T15:06:17","date_gmt":"2017-01-16T14:06:17","guid":{"rendered":"http:\/\/www.vk-international.com\/vk-producten\/porte-velo-vkporte\/vk-trailers\/8-9-10-fietsen\/"},"modified":"2024-07-12T11:36:00","modified_gmt":"2024-07-12T09:36:00","slug":"pour-max-12-velos","status":"publish","type":"page","link":"https:\/\/www.vk-international.com\/fr\/vk-producten\/porte-velo-vkporte\/vk-trailers\/pour-max-12-velos\/","title":{"rendered":"Pour max 12 v\u00e9los"},"content":{"rendered":"\n<style type=\"text\/css\" data-created_by=\"avia_inline_auto\" id=\"style-css-av-1gm83zf-42bb9d4ea8d083d1c2c9e4d3d996751b\">\n#top .flex_column.av-1gm83zf-42bb9d4ea8d083d1c2c9e4d3d996751b{\nmargin-top:0px;\nmargin-bottom:0px;\n}\n.flex_column.av-1gm83zf-42bb9d4ea8d083d1c2c9e4d3d996751b{\nborder-radius:0px 0px 0px 0px;\npadding:0px 0px 0px 0px;\n}\n.responsive #top #wrap_all .flex_column.av-1gm83zf-42bb9d4ea8d083d1c2c9e4d3d996751b{\nmargin-top:0px;\nmargin-bottom:0px;\n}\n<\/style>\n<div  class='flex_column av-1gm83zf-42bb9d4ea8d083d1c2c9e4d3d996751b av_one_full  avia-builder-el-0  el_before_av_one_half  avia-builder-el-first  first flex_column_div av-animated-generic bottom-to-top av-zero-column-padding  '     ><p>\n<style type=\"text\/css\" data-created_by=\"avia_inline_auto\" id=\"style-css-av-1eq56yj-646fa0ae1c6e7387ef6dbccd474d5e20\">\n#top .av-special-heading.av-1eq56yj-646fa0ae1c6e7387ef6dbccd474d5e20{\npadding-bottom:0;\n}\nbody .av-special-heading.av-1eq56yj-646fa0ae1c6e7387ef6dbccd474d5e20 .av-special-heading-tag .heading-char{\nfont-size:25px;\n}\n.av-special-heading.av-1eq56yj-646fa0ae1c6e7387ef6dbccd474d5e20 .av-subheading{\nfont-size:15px;\n}\n<\/style>\n<div  class='av-special-heading av-1eq56yj-646fa0ae1c6e7387ef6dbccd474d5e20 av-special-heading-h2 blockquote modern-quote  avia-builder-el-1  el_before_av_hr  avia-builder-el-first '><h2 class='av-special-heading-tag '  itemprop=\"headline\"  >Remorque de v\u00e9lo pour max. 12 v\u00e9los<\/h2><div class=\"special-heading-border\"><div class=\"special-heading-inner-border\"><\/div><\/div><\/div><br \/>\n\n<style type=\"text\/css\" data-created_by=\"avia_inline_auto\" id=\"style-css-av-1cjdbwr-5f3cf942f0fe082933344be0857e4d4a\">\n#top .hr.av-1cjdbwr-5f3cf942f0fe082933344be0857e4d4a{\nmargin-top:10px;\nmargin-bottom:10px;\n}\n.hr.av-1cjdbwr-5f3cf942f0fe082933344be0857e4d4a .hr-inner{\nwidth:50px;\nborder-color:#efbb20;\n}\n<\/style>\n<div  class='hr av-1cjdbwr-5f3cf942f0fe082933344be0857e4d4a hr-custom  avia-builder-el-2  el_after_av_heading  avia-builder-el-last  hr-left hr-icon-no'><span class='hr-inner inner-border-av-border-fat'><span class=\"hr-inner-style\"><\/span><\/span><\/div><\/p><\/div>\n\n<style type=\"text\/css\" data-created_by=\"avia_inline_auto\" id=\"style-css-av-1b920rf-26b122b38d30060a83ffbeebdade0a71\">\n#top .flex_column.av-1b920rf-26b122b38d30060a83ffbeebdade0a71{\nmargin-top:0px;\nmargin-bottom:0px;\n}\n.flex_column.av-1b920rf-26b122b38d30060a83ffbeebdade0a71{\nborder-radius:0px 0px 0px 0px;\npadding:0px 0px 0px 0px;\n}\n.responsive #top #wrap_all .flex_column.av-1b920rf-26b122b38d30060a83ffbeebdade0a71{\nmargin-top:0px;\nmargin-bottom:0px;\n}\n<\/style>\n<div  class='flex_column av-1b920rf-26b122b38d30060a83ffbeebdade0a71 av_one_half  avia-builder-el-3  el_after_av_one_full  el_before_av_one_half  first flex_column_div av-animated-generic bottom-to-top av-zero-column-padding  column-top-margin'     ><section  class='av_textblock_section av-19092jf-d28eba49dda18f75fe35c6cb2350c053 '   itemscope=\"itemscope\" itemtype=\"https:\/\/schema.org\/CreativeWork\" ><div class='avia_textblock'  itemprop=\"text\" ><p>VK offre aux usagers professionnels (clubs, d\u00e9taillants, vacanses cyclotouristiques, villes v\u00e9los, location etc.) une gamme compl\u00e8te de remorques porte v\u00e9los avec homologation europ\u00e9enne, destin\u00e9es au transport quotidien de 1-24 v\u00e9los. Ces remorques sont construit en utilisant des porte v\u00e9los VK.<\/p>\n<\/div><\/section><\/div>\n\n<style type=\"text\/css\" data-created_by=\"avia_inline_auto\" id=\"style-css-av-17vxlgb-20f440f8b3b8e7ba388c3c369e7bec12\">\n#top .flex_column.av-17vxlgb-20f440f8b3b8e7ba388c3c369e7bec12{\nmargin-top:0px;\nmargin-bottom:0px;\n}\n.flex_column.av-17vxlgb-20f440f8b3b8e7ba388c3c369e7bec12{\nborder-radius:0px 0px 0px 0px;\npadding:0px 0px 0px 0px;\n}\n.responsive #top #wrap_all .flex_column.av-17vxlgb-20f440f8b3b8e7ba388c3c369e7bec12{\nmargin-top:0px;\nmargin-bottom:0px;\n}\n<\/style>\n<div  class='flex_column av-17vxlgb-20f440f8b3b8e7ba388c3c369e7bec12 av_one_half  avia-builder-el-5  el_after_av_one_half  el_before_av_one_full  flex_column_div av-animated-generic bottom-to-top av-zero-column-padding  column-top-margin'     ><p>\n<style type=\"text\/css\" data-created_by=\"avia_inline_auto\" id=\"style-css-av-16vo2zv-8f3c391496a03caca72a435d55278a69\">\n#top .av-special-heading.av-16vo2zv-8f3c391496a03caca72a435d55278a69{\npadding-bottom:0;\n}\nbody .av-special-heading.av-16vo2zv-8f3c391496a03caca72a435d55278a69 .av-special-heading-tag .heading-char{\nfont-size:25px;\n}\n.av-special-heading.av-16vo2zv-8f3c391496a03caca72a435d55278a69 .av-subheading{\nfont-size:15px;\n}\n<\/style>\n<div  class='av-special-heading av-16vo2zv-8f3c391496a03caca72a435d55278a69 av-special-heading-h3 blockquote modern-quote  avia-builder-el-6  el_before_av_iconlist  avia-builder-el-first '><h3 class='av-special-heading-tag '  itemprop=\"headline\"  >Avantages<\/h3><div class=\"special-heading-border\"><div class=\"special-heading-inner-border\"><\/div><\/div><\/div><br \/>\n\n<style type=\"text\/css\" data-created_by=\"avia_inline_auto\" id=\"style-css-av-14d0u57-b9e60f759e2d46079b3693dc44af4507\">\n#top .avia-icon-list-container.av-14d0u57-b9e60f759e2d46079b3693dc44af4507 .iconlist_icon{\nfont-size:14px;\n}\n#top .avia-icon-list-container.av-14d0u57-b9e60f759e2d46079b3693dc44af4507 .iconlist_icon svg:first-child{\nheight:14px;\nwidth:14px;\n}\n#top #wrap_all .avia-icon-list-container.av-14d0u57-b9e60f759e2d46079b3693dc44af4507 .av_iconlist_title{\nfont-size:14px;\n}\n.avia-icon-list-container.av-14d0u57-b9e60f759e2d46079b3693dc44af4507 .iconlist_content{\nfont-size:13px;\n}\n<\/style>\n<div  class='avia-icon-list-container av-14d0u57-b9e60f759e2d46079b3693dc44af4507  avia-builder-el-7  el_after_av_heading  avia-builder-el-last '><ul class='avia-icon-list avia_animate_when_almost_visible avia-icon-list-left av-iconlist-small av-14d0u57-b9e60f759e2d46079b3693dc44af4507 avia-iconlist-animate'>\n<li><div class='iconlist_icon av-12jxqaj-d5338e7bde5d623152248ebb2b40dfb6 avia-font-entypo-fontello avia-iconfont avia-font-entypo-fontello'><span class='av-icon-char' data-av_icon='\ue812' data-av_iconfont='entypo-fontello' aria-hidden=\"true\"><\/span><\/div><article class=\"article-icon-entry av-iconlist-empty\"  itemscope=\"itemscope\" itemtype=\"https:\/\/schema.org\/CreativeWork\" ><div class=\"iconlist_content_wrap\"><header class=\"entry-content-header\" aria-label=\"Ic\u00f4ne : Geen gereedschap nodig\"><div class='av_iconlist_title iconlist_title_small  '  itemprop=\"headline\" >Geen gereedschap nodig<\/div><\/header><div class='iconlist_content '  itemprop=\"text\" ><\/div><\/div><footer class=\"entry-footer\"><\/footer><\/article><div class=\"iconlist-timeline\"><\/div><\/li>\n<li><div class='iconlist_icon av-11nntl7-beca40697fdb33e31165a644231647de avia-font-entypo-fontello avia-iconfont avia-font-entypo-fontello'><span class='av-icon-char' data-av_icon='\ue812' data-av_iconfont='entypo-fontello' aria-hidden=\"true\"><\/span><\/div><article class=\"article-icon-entry av-iconlist-empty\"  itemscope=\"itemscope\" itemtype=\"https:\/\/schema.org\/CreativeWork\" ><div class=\"iconlist_content_wrap\"><header class=\"entry-content-header\" aria-label=\"Ic\u00f4ne : Geen beschadiging van uw kostbare fiets\"><div class='av_iconlist_title iconlist_title_small  '  itemprop=\"headline\" >Geen beschadiging van uw kostbare fiets<\/div><\/header><div class='iconlist_content '  itemprop=\"text\" ><\/div><\/div><footer class=\"entry-footer\"><\/footer><\/article><div class=\"iconlist-timeline\"><\/div><\/li>\n<li><div class='iconlist_icon av-3kp2zf-750430fd2d8bbc6b01ae1f851fdd2d5d avia-font-entypo-fontello avia-iconfont avia-font-entypo-fontello'><span class='av-icon-char' data-av_icon='\ue812' data-av_iconfont='entypo-fontello' aria-hidden=\"true\"><\/span><\/div><article class=\"article-icon-entry av-iconlist-empty\"  itemscope=\"itemscope\" itemtype=\"https:\/\/schema.org\/CreativeWork\" ><div class=\"iconlist_content_wrap\"><header class=\"entry-content-header\" aria-label=\"Ic\u00f4ne : Ook geschikt voor kinderfietsen\"><div class='av_iconlist_title iconlist_title_small  '  itemprop=\"headline\" >Ook geschikt voor kinderfietsen<\/div><\/header><div class='iconlist_content '  itemprop=\"text\" ><\/div><\/div><footer class=\"entry-footer\"><\/footer><\/article><div class=\"iconlist-timeline\"><\/div><\/li>\n<li><div class='iconlist_icon av-y6uam3-65693cbe8f2416296b6fb6e58ab99331 avia-font-entypo-fontello avia-iconfont avia-font-entypo-fontello'><span class='av-icon-char' data-av_icon='\ue812' data-av_iconfont='entypo-fontello' aria-hidden=\"true\"><\/span><\/div><article class=\"article-icon-entry av-iconlist-empty\"  itemscope=\"itemscope\" itemtype=\"https:\/\/schema.org\/CreativeWork\" ><div class=\"iconlist_content_wrap\"><header class=\"entry-content-header\" aria-label=\"Ic\u00f4ne : Som hier nog wat extra op...\"><div class='av_iconlist_title iconlist_title_small  '  itemprop=\"headline\" >Som hier nog wat extra op...<\/div><\/header><div class='iconlist_content '  itemprop=\"text\" ><\/div><\/div><footer class=\"entry-footer\"><\/footer><\/article><div class=\"iconlist-timeline\"><\/div><\/li>\n<\/ul><\/div><\/p><\/div>\n\n<style type=\"text\/css\" data-created_by=\"avia_inline_auto\" id=\"style-css-av-wiq5nv-ae8d7e35a786cf1d8f4837e1dbb1df59\">\n.flex_column.av-wiq5nv-ae8d7e35a786cf1d8f4837e1dbb1df59{\nborder-radius:0px 0px 0px 0px;\npadding:0px 0px 0px 0px;\n}\n<\/style>\n<div  class='flex_column av-wiq5nv-ae8d7e35a786cf1d8f4837e1dbb1df59 av_one_full  avia-builder-el-8  el_after_av_one_half  el_before_av_one_half  first flex_column_div av-animated-generic bottom-to-top av-zero-column-padding  column-top-margin'     ><p>\n<style type=\"text\/css\" data-created_by=\"avia_inline_auto\" id=\"style-css-sub-av-ue4iyz-af55ff6e8a70d0d1edab89f578ca32a2\">\n.av-hotspot-image-container .av-image-hotspot.av-5c4lrv-3ae4d0820e830df1ee89234018b0a07b{\ntop:76.3%;\nleft:19.3%;\n}\n.av-hotspot-image-container .av-image-hotspot.av-49kkmz-1b33134544ab6252918514d66ae8f667{\ntop:82.7%;\nleft:61.5%;\n}\n.av-hotspot-image-container .av-image-hotspot.av-20wzbf-d597b8c050e62200ec3e5508827222bc{\ntop:35.8%;\nleft:28.7%;\n}\n.av-hotspot-image-container .av-image-hotspot.av-njxcwb-c63acabd7f303829ec4b2f416322fd78{\ntop:54.9%;\nleft:91.8%;\n}\n.av-hotspot-image-container .av-image-hotspot.av-mkfx8r-151a767e0b03faf3d6eb2cf0d8c15bee{\ntop:74.9%;\nleft:40.2%;\n}\n<\/style>\n<div  class='av-hotspot-image-container av-ue4iyz-af55ff6e8a70d0d1edab89f578ca32a2  avia-builder-el-9  el_before_av_toggle_container  avia-builder-el-first  av-hotspot-blank avia_animated_image avia_animate_when_almost_visible fade-in av-mobile-fallback-active  av-non-fullwidth-hotspot-image'  itemprop=\"image\" itemscope=\"itemscope\" itemtype=\"https:\/\/schema.org\/ImageObject\" ><div class='av-hotspot-container'><div class='av-hotspot-container-inner-cell'><div class='av-hotspot-container-inner-wrap'><div class='av-image-hotspot av-5c4lrv-3ae4d0820e830df1ee89234018b0a07b av-image-hotspot-1 ' data-avia-tooltip-position='left' data-avia-tooltip-alignment='top' data-avia-tooltip-class='av-tt-default-width av-tt-pos-left av-tt-align-top  av-mobile-fallback-active  main_color av-tt-hotspot' data-avia-tooltip='&lt;p&gt;une roue d&rsquo;appui r\u00e9glable&lt;\/p&gt;\n'><div class='av-image-hotspot_inner'>1<\/div><div class='av-image-hotspot-pulse'><\/div><\/div><div class='av-image-hotspot av-49kkmz-1b33134544ab6252918514d66ae8f667 av-image-hotspot-2 ' data-avia-tooltip-position='left' data-avia-tooltip-alignment='top' data-avia-tooltip-class='av-tt-default-width av-tt-pos-left av-tt-align-top  av-mobile-fallback-active  main_color av-tt-hotspot' data-avia-tooltip='&lt;p&gt;2 pneus avec jantes 175\/70 x 13&lt;\/p&gt;\n'><div class='av-image-hotspot_inner'>2<\/div><div class='av-image-hotspot-pulse'><\/div><\/div><div class='av-image-hotspot av-20wzbf-d597b8c050e62200ec3e5508827222bc av-image-hotspot-3 ' data-avia-tooltip-position='left' data-avia-tooltip-alignment='top' data-avia-tooltip-class='av-tt-default-width av-tt-pos-left av-tt-align-top  av-mobile-fallback-active  main_color av-tt-hotspot' data-avia-tooltip='&lt;p&gt;Avec COC&lt;\/p&gt;\n'><div class='av-image-hotspot_inner'>3<\/div><div class='av-image-hotspot-pulse'><\/div><\/div><div class='av-image-hotspot av-njxcwb-c63acabd7f303829ec4b2f416322fd78 av-image-hotspot-4 ' data-avia-tooltip-position='left' data-avia-tooltip-alignment='top' data-avia-tooltip-class='av-tt-default-width av-tt-pos-left av-tt-align-top  av-mobile-fallback-active  main_color av-tt-hotspot' data-avia-tooltip='&lt;p&gt;Hier kan een tekst&lt;\/p&gt;\n'><div class='av-image-hotspot_inner'>4<\/div><div class='av-image-hotspot-pulse'><\/div><\/div><div class='av-image-hotspot av-mkfx8r-151a767e0b03faf3d6eb2cf0d8c15bee av-image-hotspot-5 ' data-avia-tooltip-position='left' data-avia-tooltip-alignment='top' data-avia-tooltip-class='av-tt-default-width av-tt-pos-left av-tt-align-top  av-mobile-fallback-active  main_color av-tt-hotspot' data-avia-tooltip='&lt;p&gt;un chassis robuste galvanis\u00e9&lt;\/p&gt;\n'><div class='av-image-hotspot_inner'>5<\/div><div class='av-image-hotspot-pulse'><\/div><\/div><img decoding=\"async\" fetchpriority=\"high\" class='wp-image-356 avia-img-lazy-loading-not-356 avia_image' src=\"https:\/\/www.vk-international.com\/wp-content\/uploads\/2015\/10\/Smile-24-05-16-6548.jpg\" alt='' title='VK International'  height=\"703\" width=\"1220\"  itemprop=\"thumbnailUrl\" srcset=\"https:\/\/www.vk-international.com\/wp-content\/uploads\/2015\/10\/Smile-24-05-16-6548.jpg 1220w, https:\/\/www.vk-international.com\/wp-content\/uploads\/2015\/10\/Smile-24-05-16-6548-600x346.jpg 600w, https:\/\/www.vk-international.com\/wp-content\/uploads\/2015\/10\/Smile-24-05-16-6548-300x173.jpg 300w, https:\/\/www.vk-international.com\/wp-content\/uploads\/2015\/10\/Smile-24-05-16-6548-768x443.jpg 768w, https:\/\/www.vk-international.com\/wp-content\/uploads\/2015\/10\/Smile-24-05-16-6548-1030x594.jpg 1030w, https:\/\/www.vk-international.com\/wp-content\/uploads\/2015\/10\/Smile-24-05-16-6548-705x406.jpg 705w\" sizes=\"(max-width: 1220px) 100vw, 1220px\" \/><\/div><\/div><\/div><div class='av-hotspot-fallback-tooltip av-image-hotspot-1 '><div class=\"av-hotspot-fallback-tooltip-count\">1<div class=\"avia-arrow\"><\/div><\/div><div class=\"av-hotspot-fallback-tooltip-inner clearfix\"><p>\nune roue d&rsquo;appui r\u00e9glable<\/p>\n<\/div><\/div><div class='av-hotspot-fallback-tooltip av-image-hotspot-2 '><div class=\"av-hotspot-fallback-tooltip-count\">2<div class=\"avia-arrow\"><\/div><\/div><div class=\"av-hotspot-fallback-tooltip-inner clearfix\"><p>\n2 pneus avec jantes 175\/70 x 13<\/p>\n<\/div><\/div><div class='av-hotspot-fallback-tooltip av-image-hotspot-3 '><div class=\"av-hotspot-fallback-tooltip-count\">3<div class=\"avia-arrow\"><\/div><\/div><div class=\"av-hotspot-fallback-tooltip-inner clearfix\"><p>\nAvec COC<\/p>\n<\/div><\/div><div class='av-hotspot-fallback-tooltip av-image-hotspot-4 '><div class=\"av-hotspot-fallback-tooltip-count\">4<div class=\"avia-arrow\"><\/div><\/div><div class=\"av-hotspot-fallback-tooltip-inner clearfix\"><p>\nHier kan een tekst<\/p>\n<\/div><\/div><div class='av-hotspot-fallback-tooltip av-image-hotspot-5 '><div class=\"av-hotspot-fallback-tooltip-count\">5<div class=\"avia-arrow\"><\/div><\/div><div class=\"av-hotspot-fallback-tooltip-inner clearfix\"><p>\nun chassis robuste galvanis\u00e9<\/p>\n<\/div><\/div><\/div><br \/>\n<div  class='togglecontainer av-k3j1rf-03af0eb2df978730c8e3f9a3becbbdac  avia-builder-el-10  el_after_av_image_hotspot  avia-builder-el-no-sibling  toggle_close_all' ><\/div><\/p><\/div>\n\n<style type=\"text\/css\" data-created_by=\"avia_inline_auto\" id=\"style-css-av-ipxn2j-71d9f4dbaff3fa477295101ecfcc826d\">\n.flex_column.av-ipxn2j-71d9f4dbaff3fa477295101ecfcc826d{\nborder-radius:0px 0px 0px 0px;\npadding:0px 0px 0px 0px;\n}\n<\/style>\n<div  class='flex_column av-ipxn2j-71d9f4dbaff3fa477295101ecfcc826d av_one_half  avia-builder-el-11  el_after_av_one_full  el_before_av_one_half  first flex_column_div av-animated-generic bottom-to-top av-zero-column-padding  column-top-margin'     ><p>\n<style type=\"text\/css\" data-created_by=\"avia_inline_auto\" id=\"style-css-av-hpbp2z-baf5ef4de4cb20aa38487bfcaa2c89ee\">\n#top .av-special-heading.av-hpbp2z-baf5ef4de4cb20aa38487bfcaa2c89ee{\npadding-bottom:0;\n}\nbody .av-special-heading.av-hpbp2z-baf5ef4de4cb20aa38487bfcaa2c89ee .av-special-heading-tag .heading-char{\nfont-size:25px;\n}\n.av-special-heading.av-hpbp2z-baf5ef4de4cb20aa38487bfcaa2c89ee .av-subheading{\nfont-size:15px;\n}\n<\/style>\n<div  class='av-special-heading av-hpbp2z-baf5ef4de4cb20aa38487bfcaa2c89ee av-special-heading-h2 blockquote modern-quote  avia-builder-el-12  el_before_av_hr  avia-builder-el-first '><h2 class='av-special-heading-tag '  itemprop=\"headline\"  >Utilisable pour toutes sortes de v\u00e9los.<\/h2><div class=\"special-heading-border\"><div class=\"special-heading-inner-border\"><\/div><\/div><\/div><br \/>\n\n<style type=\"text\/css\" data-created_by=\"avia_inline_auto\" id=\"style-css-av-f3cf8r-39c31981907c5179ba79effb0676b45e\">\n#top .hr.av-f3cf8r-39c31981907c5179ba79effb0676b45e{\nmargin-top:10px;\nmargin-bottom:10px;\n}\n.hr.av-f3cf8r-39c31981907c5179ba79effb0676b45e .hr-inner{\nwidth:50px;\nborder-color:#efbb20;\n}\n<\/style>\n<div  class='hr av-f3cf8r-39c31981907c5179ba79effb0676b45e hr-custom  avia-builder-el-13  el_after_av_heading  el_before_av_textblock  hr-left hr-icon-no'><span class='hr-inner inner-border-av-border-fat'><span class=\"hr-inner-style\"><\/span><\/span><\/div><br \/>\n<section  class='av_textblock_section av-e10yqz-3da6e6a8dace5c0fb76883bc5449cf5e '   itemscope=\"itemscope\" itemtype=\"https:\/\/schema.org\/CreativeWork\" ><div class='avia_textblock'  itemprop=\"text\" ><p>Le ch\u00e2ssis est galvanis\u00e9. Les pneus r\u00e9sistants de taille 175R13 garantissent une tenue de route parfaite. Les remorques sont livr\u00e9es avec une roue jockey, un accroche-remorque et une garantie d\u2019un an. Livraison \u00e0 l\u2019usine de Weert (130 km de Bruxelles)<\/p>\n<\/div><\/section><\/p><\/div>\n\n<style type=\"text\/css\" data-created_by=\"avia_inline_auto\" id=\"style-css-av-by3k9n-edb9ad6a38fa28b536367e4ade5cbc41\">\n.flex_column.av-by3k9n-edb9ad6a38fa28b536367e4ade5cbc41{\nborder-radius:0px 0px 0px 0px;\npadding:0px 0px 0px 0px;\n}\n<\/style>\n<div  class='flex_column av-by3k9n-edb9ad6a38fa28b536367e4ade5cbc41 av_one_half  avia-builder-el-15  el_after_av_one_half  el_before_av_three_fifth  flex_column_div av-animated-generic bottom-to-top av-zero-column-padding  column-top-margin'     ><style type=\"text\/css\" data-created_by=\"avia_inline_auto\" id=\"style-css-av-bh42dn-b844ae81414d32fccd8fe7caf72b092a\">\n.avia-image-container.av-bh42dn-b844ae81414d32fccd8fe7caf72b092a img.avia_image{\nbox-shadow:none;\n}\n.avia-image-container.av-bh42dn-b844ae81414d32fccd8fe7caf72b092a .av-image-caption-overlay-center{\ncolor:#ffffff;\n}\n<\/style>\n<div  class='avia-image-container av-bh42dn-b844ae81414d32fccd8fe7caf72b092a av-styling- avia-align-center  avia-builder-el-16  avia-builder-el-no-sibling '   itemprop=\"image\" itemscope=\"itemscope\" itemtype=\"https:\/\/schema.org\/ImageObject\" ><div class=\"avia-image-container-inner\"><div class=\"avia-image-overlay-wrap\"><img decoding=\"async\" fetchpriority=\"high\" class='wp-image-357 avia-img-lazy-loading-not-357 avia_image ' src=\"https:\/\/www.vk-international.com\/wp-content\/uploads\/2015\/10\/Smile-24-05-16-6549.jpg\" alt='' title='VK International'  height=\"1220\" width=\"813\"  itemprop=\"thumbnailUrl\" srcset=\"https:\/\/www.vk-international.com\/wp-content\/uploads\/2015\/10\/Smile-24-05-16-6549.jpg 813w, https:\/\/www.vk-international.com\/wp-content\/uploads\/2015\/10\/Smile-24-05-16-6549-600x900.jpg 600w, https:\/\/www.vk-international.com\/wp-content\/uploads\/2015\/10\/Smile-24-05-16-6549-200x300.jpg 200w, https:\/\/www.vk-international.com\/wp-content\/uploads\/2015\/10\/Smile-24-05-16-6549-768x1152.jpg 768w, https:\/\/www.vk-international.com\/wp-content\/uploads\/2015\/10\/Smile-24-05-16-6549-686x1030.jpg 686w, https:\/\/www.vk-international.com\/wp-content\/uploads\/2015\/10\/Smile-24-05-16-6549-470x705.jpg 470w\" sizes=\"(max-width: 813px) 100vw, 813px\" \/><\/div><\/div><\/div><\/div>\n\n<style type=\"text\/css\" data-created_by=\"avia_inline_auto\" id=\"style-css-av-vopob-a67a70a68f3ab5f6e5ff58acdb546c51\">\n.flex_column.av-vopob-a67a70a68f3ab5f6e5ff58acdb546c51{\nborder-width:1px;\nborder-color:#e1e1e1;\nborder-style:solid;\nborder-radius:0px 0px 0px 0px;\npadding:20px 20px 20px 20px;\nbackground-color:#fcfcfc;\n}\n<\/style>\n<div  class='flex_column av-vopob-a67a70a68f3ab5f6e5ff58acdb546c51 av_three_fifth  avia-builder-el-17  el_after_av_one_half  el_before_av_two_fifth  first flex_column_div av-animated-generic bottom-to-top  column-top-margin'     ><p>\n<style type=\"text\/css\" data-created_by=\"avia_inline_auto\" id=\"style-css-av-1ytyp7-7b0982b911996607b4cee42b7886abcc\">\n#top .av-special-heading.av-1ytyp7-7b0982b911996607b4cee42b7886abcc{\npadding-bottom:0;\n}\nbody .av-special-heading.av-1ytyp7-7b0982b911996607b4cee42b7886abcc .av-special-heading-tag .heading-char{\nfont-size:25px;\n}\n.av-special-heading.av-1ytyp7-7b0982b911996607b4cee42b7886abcc .av-subheading{\nfont-size:15px;\n}\n<\/style>\n<div  class='av-special-heading av-1ytyp7-7b0982b911996607b4cee42b7886abcc av-special-heading-h2 blockquote modern-quote  avia-builder-el-18  el_before_av_textblock  avia-builder-el-first '><h2 class='av-special-heading-tag '  itemprop=\"headline\"  >Prix<\/h2><div class=\"special-heading-border\"><div class=\"special-heading-inner-border\"><\/div><\/div><\/div><br \/>\n<section  class='av_textblock_section av-k85xip2v-7d738982bcfe9923642cda6dd8f3b203 '   itemscope=\"itemscope\" itemtype=\"https:\/\/schema.org\/CreativeWork\" ><div class='avia_textblock'  itemprop=\"text\" ><p><a href=\"https:\/\/www.vk-international.com\/wp-content\/uploads\/2024\/07\/brochureLR2.pdf\"><strong>Veuillez trouver la liste de prix la plus r\u00e9cente dans notre brochure.<\/strong><\/a><\/p>\n<\/div><\/section><\/p><\/div>\n<style type=\"text\/css\" data-created_by=\"avia_inline_auto\" id=\"style-css-av-mga2z-adf1e66abaf818ea04e14b680f3f11b7\">\n.flex_column.av-mga2z-adf1e66abaf818ea04e14b680f3f11b7{\nborder-width:1px;\nborder-color:#e1e1e1;\nborder-style:solid;\nborder-radius:0px 0px 0px 0px;\npadding:20px 20px 20px 20px;\nbackground-color:#fcfcfc;\n}\n<\/style>\n<div  class='flex_column av-mga2z-adf1e66abaf818ea04e14b680f3f11b7 av_two_fifth  avia-builder-el-20  el_after_av_three_fifth  avia-builder-el-last  flex_column_div av-animated-generic bottom-to-top  column-top-margin'     ><p>\n<style type=\"text\/css\" data-created_by=\"avia_inline_auto\" id=\"style-css-av-3ahhyj-105eab96f56842f905b9c36f8130c467\">\n#top .av-special-heading.av-3ahhyj-105eab96f56842f905b9c36f8130c467{\npadding-bottom:0;\n}\nbody .av-special-heading.av-3ahhyj-105eab96f56842f905b9c36f8130c467 .av-special-heading-tag .heading-char{\nfont-size:25px;\n}\n.av-special-heading.av-3ahhyj-105eab96f56842f905b9c36f8130c467 .av-subheading{\nfont-size:15px;\n}\n<\/style>\n<div  class='av-special-heading av-3ahhyj-105eab96f56842f905b9c36f8130c467 av-special-heading-h2 blockquote modern-quote  avia-builder-el-21  el_before_av_textblock  avia-builder-el-first '><h2 class='av-special-heading-tag '  itemprop=\"headline\"  >Specification<\/h2><div class=\"special-heading-border\"><div class=\"special-heading-inner-border\"><\/div><\/div><\/div><br \/>\n<section  class='av_textblock_section av-2qctzv-0327b80d828feebc9b10852002243f6f '   itemscope=\"itemscope\" itemtype=\"https:\/\/schema.org\/CreativeWork\" ><div class='avia_textblock'  itemprop=\"text\" ><p><strong><em>Sp\u00e9cifications des remorques standard:<\/em><\/strong><\/p>\n<ul>\n<li>un chassis robuste galvanis\u00e9<\/li>\n<li>2 pneus avec jantes 175R13<\/li>\n<li>pourvu d`un \u00e9clairage certifi\u00e9 CE<\/li>\n<li>un axe de torsion garni en caoutchouc<\/li>\n<li>un plancher multiplex \u00e9tanche d`une \u00e9paisseur de 15 mm avec couche antid\u00e9rapante<\/li>\n<li>garde- boue avec bavettes<\/li>\n<li>fixations pour plaque d`immatriculation<\/li>\n<li>1 an de garantie<\/li>\n<li>une roue d`appui r\u00e9glable<\/li>\n<li>un verrou de crochet d`attelage<\/li>\n<li>poids total de la remorque pour v\u00e9los VK\u00a0inclus v\u00e9los &lt;750 kg<\/li>\n<li>Avec homologation europ\u00e9enne. (COC)<\/li>\n<\/ul>\n<\/div><\/section><\/p><\/div><\/p>\n","protected":false},"excerpt":{"rendered":"","protected":false},"author":1,"featured_media":0,"parent":1029,"menu_order":2,"comment_status":"closed","ping_status":"closed","template":"","meta":{"footnotes":""},"class_list":["post-1115","page","type-page","status-publish","hentry"],"_links":{"self":[{"href":"https:\/\/www.vk-international.com\/fr\/wp-json\/wp\/v2\/pages\/1115","targetHints":{"allow":["GET"]}}],"collection":[{"href":"https:\/\/www.vk-international.com\/fr\/wp-json\/wp\/v2\/pages"}],"about":[{"href":"https:\/\/www.vk-international.com\/fr\/wp-json\/wp\/v2\/types\/page"}],"author":[{"embeddable":true,"href":"https:\/\/www.vk-international.com\/fr\/wp-json\/wp\/v2\/users\/1"}],"replies":[{"embeddable":true,"href":"https:\/\/www.vk-international.com\/fr\/wp-json\/wp\/v2\/comments?post=1115"}],"version-history":[{"count":10,"href":"https:\/\/www.vk-international.com\/fr\/wp-json\/wp\/v2\/pages\/1115\/revisions"}],"predecessor-version":[{"id":5218,"href":"https:\/\/www.vk-international.com\/fr\/wp-json\/wp\/v2\/pages\/1115\/revisions\/5218"}],"up":[{"embeddable":true,"href":"https:\/\/www.vk-international.com\/fr\/wp-json\/wp\/v2\/pages\/1029"}],"wp:attachment":[{"href":"https:\/\/www.vk-international.com\/fr\/wp-json\/wp\/v2\/media?parent=1115"}],"curies":[{"name":"wp","href":"https:\/\/api.w.org\/{rel}","templated":true}]}}